{"id":119,"date":"2013-06-07T10:37:54","date_gmt":"2013-06-07T10:37:54","guid":{"rendered":"http:\/\/dosapcimeq.umh.es\/?page_id=119"},"modified":"2022-10-18T11:37:16","modified_gmt":"2022-10-18T11:37:16","slug":"lineas-de-investigacion","status":"publish","type":"page","link":"https:\/\/dosapcimeq.umh.es\/en\/lineas-de-investigacion\/","title":{"rendered":"L\u00edneas de investigaci\u00f3n"},"content":{"rendered":"<p>[et_pb_section fb_built=&#8221;1&#8243; admin_label=&#8221;section&#8221; _builder_version=&#8221;4.16&#8243; global_colors_info=&#8221;{}&#8221;][et_pb_row admin_label=&#8221;row&#8221; _builder_version=&#8221;4.16&#8243; background_size=&#8221;initial&#8221; background_position=&#8221;top_left&#8221; background_repeat=&#8221;repeat&#8221; global_colors_info=&#8221;{}&#8221;][et_pb_column type=&#8221;4_4&#8243; _builder_version=&#8221;4.16&#8243; custom_padding=&#8221;|||&#8221; global_colors_info=&#8221;{}&#8221; custom_padding__hover=&#8221;|||&#8221;][et_pb_text admin_label=&#8221;Texto&#8221; _builder_version=&#8221;4.16&#8243; background_size=&#8221;initial&#8221; background_position=&#8221;top_left&#8221; background_repeat=&#8221;repeat&#8221; use_border_color=&#8221;off&#8221; border_color=&#8221;#ffffff&#8221; border_style=&#8221;solid&#8221; global_colors_info=&#8221;{}&#8221;]<b>Linea 1. Enfermedades infecciosas, epidemiolog\u00eda cl\u00ednica y social.<\/b><\/p>\n<p>Descripci\u00f3n de la l\u00ednea<\/p>\n<p>a) Cl\u00ednica y epidemiolog\u00eda cl\u00ednica de las enfermedades infecciosas. Aspectos diagn\u00f3sticos y terap\u00e9uticos de la infecci\u00f3n por VIH, hepatitis virales y otras enfermedades infecciosas. Estudios de enfermedades infecciosas de relevancia internacional.<\/p>\n<p>b) Epidemiolog\u00eda cl\u00ednica. Metodolog\u00eda de investigaci\u00f3n en pruebas diagn\u00f3sticas derivadas de la gen\u00f3mica. Marcadores diagn\u00f3sticos en enfermedades infecciosas. Impacto diagn\u00f3stico de las pruebas de diagn\u00f3stico por imagen.<\/p>\n<p>c) Epidemiolog\u00eda social y pol\u00edticas de salud p\u00fablica. Determinantes sociales de la salud. Implicaciones en la pr\u00e1ctica profesional y en la pol\u00edtica de salud p\u00fablica de la \u00e9tica en salud p\u00fablica.<\/p>\n<p>&nbsp;<\/p>\n<p><b>L\u00ednea 2. Epidemiolog\u00eda de la Nutrici\u00f3n. Nuevos m\u00e9todos diagn\u00f3sticos y terap\u00e9uticos para las patolog\u00edas oculares.<\/b><\/p>\n<p>Descripci\u00f3n de la l\u00ednea:<\/p>\n<p>a) Estudio del efecto de la dieta y otros estilos de vida en obesidad y ganancia de peso.<\/p>\n<p>b) Dieta y c\u00e1ncer. Efecto de la dieta sobre c\u00e1ncer de es\u00f3fago, est\u00f3mago y p\u00e1ncreas. Estudio de la dieta en relaci\u00f3n al c\u00e1ncer de Mama. Determinantes densidad mamogr\u00e1fica.<\/p>\n<p>c) Estudio de la degeneraci\u00f3n macular de la retina y factores asociados en Europa.<\/p>\n<p>d) Salud materno-infantil y medioambiente. Estudio de exposiciones medioambientales y la dieta sobre la salud materno-infantil (Estudio INMA).<\/p>\n<p>e) La optimizaci\u00f3n del diagn\u00f3stico temprano de defectos visuales y pacientes afectados con enfermedades del dioptrio ocular, en particular cataratas y trastornos frecuentes de la cornea.<\/p>\n<p>f) Desarrollo de nuevas t\u00e9cnicas de cirug\u00eda personalizada para cirug\u00eda de la catarata con implantaci\u00f3n de lentes intraoculares que mejoren la efectividad y reduzcan complicaciones.<\/p>\n<p>g) Optimizaci\u00f3n de los procedimientos para el diagn\u00f3stico precoz y el tratamiento\u00a0 personalizado de la enfermedad de ectasia corneal, la causa m\u00e1s frecuente de las degeneraciones corneales.<\/p>\n<p>&nbsp;<\/p>\n<p><b>L\u00ednea 3.<\/b> : <b>Salud, enfermedad y comportamientos sociales.<\/b><\/p>\n<p>a) Investigaci\u00f3n sobre la construcci\u00f3n de los discursos expertos en torno a la popularizaci\u00f3n de la correcta alimentaci\u00f3n y su influencia en los discursos y pr\u00e1cticas alimentarias de la poblaci\u00f3n.<\/p>\n<p>b)\u00a0 De la propaganda sanitaria a la educaci\u00f3n para la salud: ideolog\u00eda, discursos y saberes en la Espa\u00f1a de Franco (1939-1975).<\/p>\n<p>c) Sexualidad, enfermedad y Salud P\u00fablica en la Espa\u00f1a contempor\u00e1nea;<\/p>\n<p>d) Sexualidad, anticoncepci\u00f3n y enfermedades de transmisi\u00f3n sexual en Espa\u00f1a durante el Franquismo y la Transici\u00f3n Democr\u00e1tica: Comunidad Valenciana y Regi\u00f3n de Murcia (1960-1985).<\/p>\n<p>e) El reto de la erradicaci\u00f3n de la poliomielitis y la amenaza del s\u00edndrome post-polio: estrategias nacionales y acciones globales en la lucha contra la enfermedad y la discapacidad (1963-2010).<\/p>\n<p>f) Prevenci\u00f3n y promoci\u00f3n de salud en pacientes cr\u00f3nicos. Determinantes de los procesos de adaptaci\u00f3n y resultados de salud. Particularmente en enfermedades que cursan con dolor cr\u00f3nico, fibromialgia, degenerativas, oncol\u00f3gicas y renales.<\/p>\n<p>g) Determinantes cognitivos y actitudinales de los procesos de interacci\u00f3n profesional-paciente y efectos en las conductas terap\u00e9uticas de los profesionales y en las de automanejo y adhesi\u00f3n a tratamientos de los pacientes.<\/p>\n<p><b>\u00a0<\/b><\/p>\n<p><b>L\u00ednea 4. Cirug\u00eda Digestiva, Endocrina y Metab\u00f3lica.<\/b><\/p>\n<p>Descripci\u00f3n de la l\u00ednea:<\/p>\n<p>a) Evaluaci\u00f3n de factores cl\u00ednicos y biol\u00f3gicos de los carcinomas g\u00e1stricos y colorrectales para seleccionar tratamientos multidisciplinarios y predecir el riesgo de recidiva.<\/p>\n<p>b) Desarrollo de nuevas t\u00e9cnicas para el diagn\u00f3stico y el tratamiento de enfermedades proctol\u00f3gicas benignas.<\/p>\n<p>c) An\u00e1lisis de los cambios metab\u00f3licos tras el tratamiento quir\u00fargico de la obesidad m\u00f3rbida.<\/p>\n<p>d) An\u00e1lisis de las variables pron\u00f3stico en la cirug\u00eda de tiroides y suprarrenal por patolog\u00eda benigna y maligna.<\/p>\n<p>e) An\u00e1lisis de la calidad de los servicios de cirug\u00eda general\u00a0 a trav\u00e9s de la evaluaci\u00f3n de tasas de reingreso, motivos de retraso en alta hospitalaria (estancias inadecuadas) y evaluaci\u00f3n de efectos adversos.<\/p>\n<p>f) Desarrollo de la cirug\u00eda rob\u00f3tica en sus aspectos diagn\u00f3sticos, cibercirug\u00eda, sensaci\u00f3n h\u00e1ptica, y planificaci\u00f3n de intervenciones.<\/p>\n<p><b>\u00a0<\/b><\/p>\n<p><b>\u00a0<\/b><b>5. Inflamaci\u00f3n,\u00a0 Inmunomoduladores, desarrollo y enfermedad.<\/b><\/p>\n<p>Descripci\u00f3n de la l\u00ednea:<\/p>\n<p>a) S\u00edndrome de respuesta inflamatoria sist\u00e9mica e inmunomoduladores en la enfermedad aguda grave, como marcadores pron\u00f3sticos y sus implicaciones terap\u00e9uticas. Respuesta valorada por la evoluci\u00f3n precoz de los mediadores celulares leucocitarios, las citoquinas pro y antiinflamatorias y por los complejos, ant\u00edgenos, de diferenciaci\u00f3n leucocitaria.<\/p>\n<p>b) Respuesta inflamatoria e inmunomoduladora y estado alerg\u00e9nico en la enfermedad aguda.<\/p>\n<p>c) Relaci\u00f3n inflamaci\u00f3n, estado alerg\u00e9nico y enfermedad aguda<\/p>\n<p>d) Inflamaci\u00f3n y l\u00edquido sinovial en la enfermedad reum\u00e1tica.<\/p>\n<p>e) Desarrollo y cambios endocrinos.<\/p>\n<p>&nbsp;<\/p>\n<p><b>6. Diabetes Mellitus, inflamaci\u00f3n, disfunci\u00f3n endotelial y complicaciones tard\u00edas cardiovasculares.<\/b><\/p>\n<p>Descripci\u00f3n de la l\u00ednea:<\/p>\n<p>Se trata de una l\u00ednea de investigaci\u00f3n de \u201cnovo\u201d que aglutina a 2 servicios cl\u00ednicos (Endocrinolog\u00eda y Atenci\u00f3n Primaria) intr\u00ednsecamente relacionados con el cuidado de las personas con diabetes en niveles asistenciales complementarios, con un servicio b\u00e1sico (Hematolog\u00eda) que dispone de la infraestructura y de las habilidades necesarias para la realizaci\u00f3n de los estudios moleculares.<\/p>\n<p>a) Cl\u00ednica y epidemiolog\u00eda cl\u00ednica de las diabetes mellitus tipo 2. Aspectos diagn\u00f3sticos y terap\u00e9uticos de la diabetes mellitus tipo 2. Prevalencia de complicaciones tard\u00edas de origen vascular. Importancia del tratamiento m\u00e9dico y de su cumplimiento<\/p>\n<p>b) Epidemiolog\u00eda cl\u00ednica. Metodolog\u00eda de investigaci\u00f3n en pruebas diagn\u00f3sticas derivadas de la gen\u00f3mica. Marcadores diagn\u00f3sticos de inflamaci\u00f3n, disfunci\u00f3n endotelial y alteraciones de la coagulaci\u00f3n.<\/p>\n<p>c) Cirug\u00eda de la obesidad. Repercusiones metab\u00f3licas. Metodolog\u00eda de la investigaci\u00f3n en los determinantes moleculares de la respuesta metab\u00f3lica a la cirug\u00eda. Repercusi\u00f3n cl\u00ednica en la pr\u00e1ctica diaria y en la priorizaci\u00f3n de pacientes dentro del programa de cirug\u00eda de la obesidad.<\/p>\n<p>&nbsp;<br \/>\n[\/et_pb_text][\/et_pb_column][\/et_pb_row][\/et_pb_section]<\/p>\n","protected":false},"excerpt":{"rendered":"<p>Linea 1. Enfermedades infecciosas, epidemiolog\u00eda cl\u00ednica y social. Descripci\u00f3n de la l\u00ednea a) Cl\u00ednica y epidemiolog\u00eda cl\u00ednica de las enfermedades infecciosas. Aspectos diagn\u00f3sticos y terap\u00e9uticos de la infecci\u00f3n por VIH, hepatitis virales y otras enfermedades infecciosas. Estudios de enfermedades infecciosas de relevancia internacional. b) Epidemiolog\u00eda cl\u00ednica. Metodolog\u00eda de investigaci\u00f3n en pruebas diagn\u00f3sticas derivadas de la [&hellip;]<\/p>\n","protected":false},"author":3158,"featured_media":0,"parent":0,"menu_order":50,"comment_status":"closed","ping_status":"closed","template":"","meta":{"_et_pb_use_builder":"on","_et_pb_old_content":"<b>Linea 1. Enfermedades infecciosas, epidemiolog\u00eda cl\u00ednica y social.<\/b>\r\n\r\nDescripci\u00f3n de la l\u00ednea\r\n\r\na) Cl\u00ednica y epidemiolog\u00eda cl\u00ednica de las enfermedades infecciosas. Aspectos diagn\u00f3sticos y terap\u00e9uticos de la infecci\u00f3n por VIH, hepatitis virales y otras enfermedades infecciosas. Estudios de enfermedades infecciosas de relevancia internacional.\r\n\r\nb) Epidemiolog\u00eda cl\u00ednica. Metodolog\u00eda de investigaci\u00f3n en pruebas diagn\u00f3sticas derivadas de la gen\u00f3mica. Marcadores diagn\u00f3sticos en enfermedades infecciosas. Impacto diagn\u00f3stico de las pruebas de diagn\u00f3stico por imagen.\r\n\r\nc) Epidemiolog\u00eda social y pol\u00edticas de salud p\u00fablica. Determinantes sociales de la salud. Implicaciones en la pr\u00e1ctica profesional y en la pol\u00edtica de salud p\u00fablica de la \u00e9tica en salud p\u00fablica.\r\n\r\n\u00a0\r\n\r\n<b>L\u00ednea 2. Epidemiolog\u00eda de la Nutrici\u00f3n. Nuevos m\u00e9todos diagn\u00f3sticos y terap\u00e9uticos para las patolog\u00edas oculares.<\/b>\r\n\r\nDescripci\u00f3n de la l\u00ednea:\r\n\r\na) Estudio del efecto de la dieta y otros estilos de vida en obesidad y ganancia de peso.\r\n\r\nb) Dieta y c\u00e1ncer. Efecto de la dieta sobre c\u00e1ncer de es\u00f3fago, est\u00f3mago y p\u00e1ncreas. Estudio de la dieta en relaci\u00f3n al c\u00e1ncer de Mama. Determinantes densidad mamogr\u00e1fica.\r\n\r\nc) Estudio de la degeneraci\u00f3n macular de la retina y factores asociados en Europa.\r\n\r\nd) Salud materno-infantil y medioambiente. Estudio de exposiciones medioambientales y la dieta sobre la salud materno-infantil (Estudio INMA).\r\n\r\ne) La optimizaci\u00f3n del diagn\u00f3stico temprano de defectos visuales y pacientes afectados con enfermedades del dioptrio ocular, en particular cataratas y trastornos frecuentes de la cornea.\r\n\r\nf) Desarrollo de nuevas t\u00e9cnicas de cirug\u00eda personalizada para cirug\u00eda de la catarata con implantaci\u00f3n de lentes intraoculares que mejoren la efectividad y reduzcan complicaciones.\r\n\r\ng) Optimizaci\u00f3n de los procedimientos para el diagn\u00f3stico precoz y el tratamiento\u00a0 personalizado de la enfermedad de ectasia corneal, la causa m\u00e1s frecuente de las degeneraciones corneales.\r\n\r\n\u00a0\r\n\r\n<b>L\u00ednea 3.<\/b> : <b>Salud, enfermedad y comportamientos sociales.<\/b>\r\n\r\na) Investigaci\u00f3n sobre la construcci\u00f3n de los discursos expertos en torno a la popularizaci\u00f3n de la correcta alimentaci\u00f3n y su influencia en los discursos y pr\u00e1cticas alimentarias de la poblaci\u00f3n.\r\n\r\nb)\u00a0 De la propaganda sanitaria a la educaci\u00f3n para la salud: ideolog\u00eda, discursos y saberes en la Espa\u00f1a de Franco (1939-1975).\r\n\r\nc) Sexualidad, enfermedad y Salud P\u00fablica en la Espa\u00f1a contempor\u00e1nea;\r\n\r\nd) Sexualidad, anticoncepci\u00f3n y enfermedades de transmisi\u00f3n sexual en Espa\u00f1a durante el Franquismo y la Transici\u00f3n Democr\u00e1tica: Comunidad Valenciana y Regi\u00f3n de Murcia (1960-1985).\r\n\r\ne) El reto de la erradicaci\u00f3n de la poliomielitis y la amenaza del s\u00edndrome post-polio: estrategias nacionales y acciones globales en la lucha contra la enfermedad y la discapacidad (1963-2010).\r\n\r\nf) Prevenci\u00f3n y promoci\u00f3n de salud en pacientes cr\u00f3nicos. Determinantes de los procesos de adaptaci\u00f3n y resultados de salud. Particularmente en enfermedades que cursan con dolor cr\u00f3nico, fibromialgia, degenerativas, oncol\u00f3gicas y renales.\r\n\r\ng) Determinantes cognitivos y actitudinales de los procesos de interacci\u00f3n profesional-paciente y efectos en las conductas terap\u00e9uticas de los profesionales y en las de automanejo y adhesi\u00f3n a tratamientos de los pacientes.\r\n\r\n<b>\u00a0<\/b>\r\n\r\n<b>\u00a0<\/b>\r\n\r\n<b>L\u00ednea 4. Cirug\u00eda Digestiva, Endocrina y Metab\u00f3lica.<\/b>\r\n\r\n\u00a0\r\n\r\nDescripci\u00f3n de la l\u00ednea:\r\n\r\na) Evaluaci\u00f3n de factores cl\u00ednicos y biol\u00f3gicos de los carcinomas g\u00e1stricos y colorrectales para seleccionar tratamientos multidisciplinarios y predecir el riesgo de recidiva.\r\n\r\nb) Desarrollo de nuevas t\u00e9cnicas para el diagn\u00f3stico y el tratamiento de enfermedades proctol\u00f3gicas benignas.\r\n\r\nc) An\u00e1lisis de los cambios metab\u00f3licos tras el tratamiento quir\u00fargico de la obesidad m\u00f3rbida.\r\n\r\nd) An\u00e1lisis de las variables pron\u00f3stico en la cirug\u00eda de tiroides y suprarrenal por patolog\u00eda benigna y maligna.\r\n\r\ne) An\u00e1lisis de la calidad de los servicios de cirug\u00eda general\u00a0 a trav\u00e9s de la evaluaci\u00f3n de tasas de reingreso, motivos de retraso en alta hospitalaria (estancias inadecuadas) y evaluaci\u00f3n de efectos adversos.\r\n\r\nf) Desarrollo de la cirug\u00eda rob\u00f3tica en sus aspectos diagn\u00f3sticos, cibercirug\u00eda, sensaci\u00f3n h\u00e1ptica, y planificaci\u00f3n de intervenciones.\r\n\r\n<b>\u00a0<\/b>\r\n\r\n<b>\u00a0<\/b>\r\n\r\n<b>5. Inflamaci\u00f3n,\u00a0 Inmunomoduladores, desarrollo y enfermedad.<\/b>\r\n\r\nDescripci\u00f3n de la l\u00ednea:\r\n\r\na) S\u00edndrome de respuesta inflamatoria sist\u00e9mica e inmunomoduladores en la enfermedad aguda grave, como marcadores pron\u00f3sticos y sus implicaciones terap\u00e9uticas. Respuesta valorada por la evoluci\u00f3n precoz de los mediadores celulares leucocitarios, las citoquinas pro y antiinflamatorias y por los complejos, ant\u00edgenos, de diferenciaci\u00f3n leucocitaria.\r\n\r\nb) Respuesta inflamatoria e inmunomoduladora y estado alerg\u00e9nico en la enfermedad aguda.\r\n\r\nc) Relaci\u00f3n inflamaci\u00f3n, estado alerg\u00e9nico y enfermedad aguda\r\n\r\nd) Inflamaci\u00f3n y l\u00edquido sinovial en la enfermedad reum\u00e1tica.\r\n\r\ne) Desarrollo y cambios endocrinos.\r\n\r\n\u00a0\r\n\r\n<b>6. Diabetes Mellitus, inflamaci\u00f3n, disfunci\u00f3n endotelial y complicaciones tard\u00edas cardiovasculares.<\/b>\r\n\r\n\u00a0\r\n\r\nDescripci\u00f3n de la l\u00ednea:\r\n\r\nSe trata de una l\u00ednea de investigaci\u00f3n de \u201cnovo\u201d que aglutina a 2 servicios cl\u00ednicos (Endocrinolog\u00eda y Atenci\u00f3n Primaria) intr\u00ednsecamente relacionados con el cuidado de las personas con diabetes en niveles asistenciales complementarios, con un servicio b\u00e1sico (Hematolog\u00eda) que dispone de la infraestructura y de las habilidades necesarias para la realizaci\u00f3n de los estudios moleculares.\r\n\r\na) Cl\u00ednica y epidemiolog\u00eda cl\u00ednica de las diabetes mellitus tipo 2. Aspectos diagn\u00f3sticos y terap\u00e9uticos de la diabetes mellitus tipo 2. Prevalencia de complicaciones tard\u00edas de origen vascular. Importancia del tratamiento m\u00e9dico y de su cumplimiento\r\n\r\nb) Epidemiolog\u00eda cl\u00ednica. Metodolog\u00eda de investigaci\u00f3n en pruebas diagn\u00f3sticas derivadas de la gen\u00f3mica. Marcadores diagn\u00f3sticos de inflamaci\u00f3n, disfunci\u00f3n endotelial y alteraciones de la coagulaci\u00f3n.\r\n\r\nc) Cirug\u00eda de la obesidad. Repercusiones metab\u00f3licas. Metodolog\u00eda de la investigaci\u00f3n en los determinantes moleculares de la respuesta metab\u00f3lica a la cirug\u00eda. Repercusi\u00f3n cl\u00ednica en la pr\u00e1ctica diaria y en la priorizaci\u00f3n de pacientes dentro del programa de cirug\u00eda de la obesidad.\r\n\r\n\u00a0","_et_gb_content_width":"","_links_to":"","_links_to_target":""},"_links":{"self":[{"href":"https:\/\/dosapcimeq.umh.es\/en\/wp-json\/wp\/v2\/pages\/119"}],"collection":[{"href":"https:\/\/dosapcimeq.umh.es\/en\/wp-json\/wp\/v2\/pages"}],"about":[{"href":"https:\/\/dosapcimeq.umh.es\/en\/wp-json\/wp\/v2\/types\/page"}],"author":[{"embeddable":true,"href":"https:\/\/dosapcimeq.umh.es\/en\/wp-json\/wp\/v2\/users\/3158"}],"replies":[{"embeddable":true,"href":"https:\/\/dosapcimeq.umh.es\/en\/wp-json\/wp\/v2\/comments?post=119"}],"version-history":[{"count":0,"href":"https:\/\/dosapcimeq.umh.es\/en\/wp-json\/wp\/v2\/pages\/119\/revisions"}],"wp:attachment":[{"href":"https:\/\/dosapcimeq.umh.es\/en\/wp-json\/wp\/v2\/media?parent=119"}],"curies":[{"name":"wp","href":"https:\/\/api.w.org\/{rel}","templated":true}]}}