{"id":151,"date":"2013-11-14T12:52:23","date_gmt":"2013-11-14T12:52:23","guid":{"rendered":"http:\/\/dosapcimeq.umh.es\/?page_id=151"},"modified":"2022-10-18T11:51:51","modified_gmt":"2022-10-18T11:51:51","slug":"programacion-curso-201314","status":"publish","type":"page","link":"https:\/\/dosapcimeq.umh.es\/en\/seminarios\/programacion-curso-201314\/","title":{"rendered":"-Curso 2013-2014"},"content":{"rendered":"<p>[et_pb_section fb_built=&#8221;1&#8243; admin_label=&#8221;section&#8221; _builder_version=&#8221;4.16&#8243; global_colors_info=&#8221;{}&#8221;][et_pb_row admin_label=&#8221;row&#8221; _builder_version=&#8221;4.16&#8243; background_size=&#8221;initial&#8221; background_position=&#8221;top_left&#8221; background_repeat=&#8221;repeat&#8221; global_colors_info=&#8221;{}&#8221;][et_pb_column type=&#8221;4_4&#8243; _builder_version=&#8221;4.16&#8243; custom_padding=&#8221;|||&#8221; global_colors_info=&#8221;{}&#8221; custom_padding__hover=&#8221;|||&#8221;][et_pb_text admin_label=&#8221;Texto&#8221; _builder_version=&#8221;4.16&#8243; background_size=&#8221;initial&#8221; background_position=&#8221;top_left&#8221; background_repeat=&#8221;repeat&#8221; global_colors_info=&#8221;{}&#8221;]Puede acceder a la informaci\u00f3n a trav\u00e9s del siguiente enlace:<\/p>\n<p><a href=\"http:\/\/dosapcimeq.umh.es\/files\/2013\/11\/SEMINARIOS-DOCTORADO-curso-2013-14-6.pdf\">SEMINARIOS DOCTORADO curso 2013-14 (6)<\/a><\/p>\n<p><a href=\"http:\/\/dosapcimeq.umh.es\/files\/2013\/11\/Cursos-de-invierno-Salud-Global.pdf\">Cursos de invierno Salud Global<\/a><\/p>\n<p><a href=\"http:\/\/dosapcimeq.umh.es\/files\/2013\/11\/Salud-Global.pdf\">Salud Global<\/a>\u00a0-tr\u00edptico-<\/p>\n<p><a href=\"http:\/\/dosapcimeq.umh.es\/files\/2013\/11\/Competencias-Transversales-Hospita-lElche-Doctorado.pdf\">Curso sobre competencias transversales para residentes Hospital Elche<\/a><\/p>\n<p><a href=\"http:\/\/dosapcimeq.umh.es\/files\/2013\/11\/JORNADAS-DE-COOPERACI\u00d3N-EN-SALUD.pdf\">JORNADAS DE COOPERACI\u00d3N EN SALUD<\/a><\/p>\n<p><a href=\"http:\/\/dosapcimeq.umh.es\/files\/2013\/11\/Fibrodolor-Online-2013-2014.pdf\">Fibrodolor Online 2013-2014<\/a><\/p>\n<p><a href=\"http:\/\/dosapcimeq.umh.es\/files\/2013\/11\/MESA-REDONDA-SOBRE-PR\u00c1CTICAS-CL\u00cdNICAS-SEGURAS-17-DE-FEBRERO-DE-2014.pdf\">MESA REDONDA SOBRE PR\u00c1CTICAS CL\u00cdNICAS SEGURAS (17\/02\/14)<\/a><\/p>\n<p><a href=\"http:\/\/ivsimposio.somuca.es\/\">IV Simposio SOMUCA sobre GESTI\u00d3N CL\u00cdNICA (Murcia, 28 de mayo de 2014)<\/a><\/p>\n<p><a href=\"http:\/\/dosapcimeq.umh.es\/files\/2013\/11\/SESI\u00d3N-SOBRE-INFECCI\u00d3N-HOSPITALARIA-19-DE-JUNIO-DE-2014.pdf\">SESI\u00d3N SOBRE INFECCI\u00d3N HOSPITALARIA (19 DE JUNIO DE 2014)<\/a><br \/>\n[\/et_pb_text][\/et_pb_column][\/et_pb_row][\/et_pb_section]<\/p>\n","protected":false},"excerpt":{"rendered":"<p>Puede acceder a la informaci\u00f3n a trav\u00e9s del siguiente enlace: SEMINARIOS DOCTORADO curso 2013-14 (6) Cursos de invierno Salud Global Salud Global\u00a0-tr\u00edptico- Curso sobre competencias transversales para residentes Hospital Elche JORNADAS DE COOPERACI\u00d3N EN SALUD Fibrodolor Online 2013-2014 MESA REDONDA SOBRE PR\u00c1CTICAS CL\u00cdNICAS SEGURAS (17\/02\/14) IV Simposio SOMUCA sobre GESTI\u00d3N CL\u00cdNICA (Murcia, 28 de mayo [&hellip;]<\/p>\n","protected":false},"author":111,"featured_media":0,"parent":127,"menu_order":0,"comment_status":"open","ping_status":"closed","template":"","meta":{"_et_pb_use_builder":"on","_et_pb_old_content":"Puede acceder a la informaci\u00f3n a trav\u00e9s del siguiente enlace:\r\n\r\n<a href=\"http:\/\/dosapcimeq.edu.umh.es\/wp-content\/uploads\/sites\/338\/2013\/11\/SEMINARIOS-DOCTORADO-curso-2013-14-6.pdf\">SEMINARIOS DOCTORADO curso 2013-14 (6)<\/a>\r\n\r\n<a href=\"http:\/\/dosapcimeq.edu.umh.es\/wp-content\/uploads\/sites\/338\/2013\/11\/Cursos-de-invierno-Salud-Global.pdf\">Cursos de invierno Salud Global<\/a>\r\n\r\n<a href=\"http:\/\/dosapcimeq.edu.umh.es\/wp-content\/uploads\/sites\/338\/2013\/11\/Salud-Global.pdf\">Salud Global<\/a>\u00a0-tr\u00edptico-\r\n\r\n<a href=\"http:\/\/dosapcimeq.edu.umh.es\/wp-content\/uploads\/sites\/338\/2013\/11\/Competencias-Transversales-Hospita-lElche-Doctorado.pdf\">Curso sobre competencias transversales para residentes Hospital Elche<\/a>\r\n\r\n<a href=\"http:\/\/dosapcimeq.edu.umh.es\/wp-content\/uploads\/sites\/338\/2013\/11\/JORNADAS-DE-COOPERACI\u00d3N-EN-SALUD.pdf\">JORNADAS DE COOPERACI\u00d3N EN SALUD<\/a>\r\n\r\n<a href=\"http:\/\/dosapcimeq.edu.umh.es\/wp-content\/uploads\/sites\/338\/2013\/11\/Fibrodolor-Online-2013-2014.pdf\">Fibrodolor Online 2013-2014<\/a>\r\n\r\n<a href=\"http:\/\/dosapcimeq.edu.umh.es\/wp-content\/uploads\/sites\/338\/2013\/11\/MESA-REDONDA-SOBRE-PR\u00c1CTICAS-CL\u00cdNICAS-SEGURAS-17-DE-FEBRERO-DE-2014.pdf\">MESA REDONDA SOBRE PR\u00c1CTICAS CL\u00cdNICAS SEGURAS (17\/02\/14)<\/a>\r\n\r\n<a href=\"http:\/\/ivsimposio.somuca.es\/\">IV Simposio SOMUCA sobre GESTI\u00d3N CL\u00cdNICA (Murcia, 28 de mayo de 2014)<\/a>\r\n\r\n<a href=\"http:\/\/dosapcimeq.edu.umh.es\/wp-content\/uploads\/sites\/338\/2013\/11\/SESI\u00d3N-SOBRE-INFECCI\u00d3N-HOSPITALARIA-19-DE-JUNIO-DE-2014.pdf\">SESI\u00d3N SOBRE INFECCI\u00d3N HOSPITALARIA (19 DE JUNIO DE 2014)<\/a>","_et_gb_content_width":"","_links_to":"","_links_to_target":""},"_links":{"self":[{"href":"https:\/\/dosapcimeq.umh.es\/en\/wp-json\/wp\/v2\/pages\/151"}],"collection":[{"href":"https:\/\/dosapcimeq.umh.es\/en\/wp-json\/wp\/v2\/pages"}],"about":[{"href":"https:\/\/dosapcimeq.umh.es\/en\/wp-json\/wp\/v2\/types\/page"}],"author":[{"embeddable":true,"href":"https:\/\/dosapcimeq.umh.es\/en\/wp-json\/wp\/v2\/users\/111"}],"replies":[{"embeddable":true,"href":"https:\/\/dosapcimeq.umh.es\/en\/wp-json\/wp\/v2\/comments?post=151"}],"version-history":[{"count":0,"href":"https:\/\/dosapcimeq.umh.es\/en\/wp-json\/wp\/v2\/pages\/151\/revisions"}],"up":[{"embeddable":true,"href":"https:\/\/dosapcimeq.umh.es\/en\/wp-json\/wp\/v2\/pages\/127"}],"wp:attachment":[{"href":"https:\/\/dosapcimeq.umh.es\/en\/wp-json\/wp\/v2\/media?parent=151"}],"curies":[{"name":"wp","href":"https:\/\/api.w.org\/{rel}","templated":true}]}}