{"id":20,"date":"2018-05-11T12:51:21","date_gmt":"2018-05-11T12:51:21","guid":{"rendered":"http:\/\/seminariosdoctorado.edu.umh.es\/?page_id=20"},"modified":"2025-02-10T14:41:22","modified_gmt":"2025-02-10T14:41:22","slug":"instrucciones-para-realizar-el-seminario-online","status":"publish","type":"page","link":"https:\/\/dosapcimeq.umh.es\/en\/instrucciones-para-realizar-el-seminario-online\/","title":{"rendered":"Instrucciones"},"content":{"rendered":"<p>[et_pb_section fb_built=&#8221;1&#8243; admin_label=&#8221;section&#8221; _builder_version=&#8221;4.16&#8243; global_colors_info=&#8221;{}&#8221;][et_pb_row admin_label=&#8221;row&#8221; _builder_version=&#8221;4.16&#8243; background_size=&#8221;initial&#8221; background_position=&#8221;top_left&#8221; background_repeat=&#8221;repeat&#8221; global_colors_info=&#8221;{}&#8221;][et_pb_column type=&#8221;4_4&#8243; _builder_version=&#8221;4.16&#8243; custom_padding=&#8221;|||&#8221; global_colors_info=&#8221;{}&#8221; custom_padding__hover=&#8221;|||&#8221;][et_pb_text admin_label=&#8221;Texto&#8221; _builder_version=&#8221;4.17.4&#8243; background_size=&#8221;initial&#8221; background_position=&#8221;top_left&#8221; background_repeat=&#8221;repeat&#8221; hover_enabled=&#8221;0&#8243; global_colors_info=&#8221;{}&#8221; sticky_enabled=&#8221;0&#8243;]<\/p>\n<p style=\"text-align: justify;\">Estimados doctorandos, ten\u00e9is la posibilidad de realizar los seminarios online siguiendo estas instrucciones:<\/p>\n<h2 style=\"text-align: justify;\"><strong>Seminarios on-line:<\/strong><\/h2>\n<p style=\"text-align: justify;\">La pesta\u00f1a de seminarios tiene alojada los videos de los seminarios del Programa de Doctorado en Salud P\u00fablica, Ciencias M\u00e9dicas y Quir\u00fargicas que se han grabado, as\u00ed como el calendario de los programados para este curso acad\u00e9mico.<\/p>\n<p style=\"text-align: justify;\">En la pesta\u00f1a de seminarios est\u00e1n los v\u00eddeos, pueden verlos directamente o a trav\u00e9s del enlace que aparece en cada uno de ellos.<\/p>\n<p style=\"text-align: justify;\">Una vez visto debe presentar un documento con la siguiente informaci\u00f3n:<\/p>\n<p style=\"text-align: justify;\"><em> &#8211; Nombre del doctorando.<\/em><br \/>\n<em>&#8211; T\u00edtulo de la sesi\u00f3n, nombre del ponente y fecha.<\/em><br \/>\n<em>&#8211; N\u00famero de palabras del texto.<\/em><br \/>\n<em>&#8211; Texto de una extensi\u00f3n de entre 400 y 700 palabras con el siguiente contenido:<\/em><\/p>\n<p style=\"padding-left: 60px; text-align: justify;\"><em>1. P\u00e1rrafo descriptivo del contenido principal.<\/em><br \/>\n<em>2. P\u00e1rrafo que identifique los aspectos m\u00e1s destacables de la presentaci\u00f3n o los resultados principales si es una presentaci\u00f3n con resultados.<\/em><br \/>\n<em>3. P\u00e1rrafo en el que se analice las implicaciones pr\u00e1cticas generales de la presentaci\u00f3n.<\/em><br \/>\n<em>4. P\u00e1rrafo que identifique elementos \u00fatiles del seminario para el proyecto de tesis del doctorando. Aunque el tema de algunas sesiones es muy distante del tema de tesis de cada doctorando, siempre se pueden identificar implicaciones o elementos \u00fatiles para la propia tesis.<\/em><\/p>\n<p style=\"text-align: justify;\">Puede remitirlo on-line a <a href=\"mailto:doctoradospmq@umh.es\" target=\"_blank\" rel=\"noopener\">doctoradospmq@umh.es<\/a><a href=\"mailto:doctoradospmq@umh.es\" target=\"_blank\" rel=\"noopener\"><\/a> para que la CAPD de su V\u00ba B\u00ba y as\u00ed pueda usted incluirlo en su aplicaci\u00f3n de seguimiento del programa de doctorado como actividad realizada para que su tutor o director pueda validarla.<\/p>\n<p>[\/et_pb_text][\/et_pb_column][\/et_pb_row][\/et_pb_section]<\/p>\n","protected":false},"excerpt":{"rendered":"<p>Estimados doctorandos, ten\u00e9is la posibilidad de realizar los seminarios online siguiendo estas instrucciones: Seminarios on-line: La pesta\u00f1a de seminarios tiene alojada los videos de los seminarios del Programa de Doctorado en Salud P\u00fablica, Ciencias M\u00e9dicas y Quir\u00fargicas que se han grabado, as\u00ed como el calendario de los programados para este curso acad\u00e9mico. En la pesta\u00f1a [&hellip;]<\/p>\n","protected":false},"author":6283,"featured_media":0,"parent":0,"menu_order":0,"comment_status":"closed","ping_status":"closed","template":"","meta":{"_et_pb_use_builder":"on","_et_pb_old_content":"<p style=\"text-align: justify;\">Estimados doctorandos, ten\u00e9is la posibilidad de realizar los seminarios online siguiendo estas instrucciones:<\/p>\r\n\r\n<h2 style=\"text-align: justify;\"><strong>Seminarios on-line:<\/strong><\/h2>\r\n<p style=\"text-align: justify;\">La pesta\u00f1a de seminarios tiene alojada los videos de los seminarios del Programa de Doctorado en Salud P\u00fablica, Ciencias M\u00e9dicas y Quir\u00fargicas que se han grabado, as\u00ed como el calendario de los programados para este curso acad\u00e9mico.<\/p>\r\n<p style=\"text-align: justify;\">En la pesta\u00f1a de seminarios est\u00e1n los v\u00eddeos, pueden verlos directamente o a trav\u00e9s del enlace que aparece en cada uno de ellos.<\/p>\r\n<p style=\"text-align: justify;\">Una vez visto debe presentar un documento con la siguiente informaci\u00f3n:<\/p>\r\n<p style=\"text-align: justify;\"><em> - Nombre del doctorando.<\/em>\r\n<em>- T\u00edtulo de la sesi\u00f3n, nombre del ponente y fecha.<\/em>\r\n<em>- N\u00famero de palabras del texto.<\/em>\r\n<em>- Texto de una extensi\u00f3n de entre 400 y 700 palabras con el siguiente contenido:<\/em><\/p>\r\n<p style=\"padding-left: 60px; text-align: justify;\"><em>1. P\u00e1rrafo descriptivo del contenido principal.<\/em>\r\n<em>2. P\u00e1rrafo que identifique los aspectos m\u00e1s destacables de la presentaci\u00f3n o los resultados principales si es una presentaci\u00f3n con resultados.<\/em>\r\n<em>3. P\u00e1rrafo en el que se analice las implicaciones pr\u00e1cticas generales de la presentaci\u00f3n.<\/em>\r\n<em>4. P\u00e1rrafo que identifique elementos \u00fatiles del seminario para el proyecto de tesis del doctorando. Aunque el tema de algunas sesiones es muy distante del tema de tesis de cada doctorando, siempre se pueden identificar implicaciones o elementos \u00fatiles para la propia tesis.<\/em><\/p>\r\n<p style=\"text-align: justify;\">Puede remitirlo on-line a <a href=\"mailto:malmarcha@umh.es\" target=\"_blank\">malmarcha@umh.es<\/a> para que la CAPD de su V\u00ba B\u00ba y as\u00ed pueda usted incluirlo en su aplicaci\u00f3n de seguimiento del programa de doctorado como actividad realizada para que su tutor o director pueda validarla.<\/p>","_et_gb_content_width":"","_links_to":"","_links_to_target":""},"_links":{"self":[{"href":"https:\/\/dosapcimeq.umh.es\/en\/wp-json\/wp\/v2\/pages\/20"}],"collection":[{"href":"https:\/\/dosapcimeq.umh.es\/en\/wp-json\/wp\/v2\/pages"}],"about":[{"href":"https:\/\/dosapcimeq.umh.es\/en\/wp-json\/wp\/v2\/types\/page"}],"author":[{"embeddable":true,"href":"https:\/\/dosapcimeq.umh.es\/en\/wp-json\/wp\/v2\/users\/6283"}],"replies":[{"embeddable":true,"href":"https:\/\/dosapcimeq.umh.es\/en\/wp-json\/wp\/v2\/comments?post=20"}],"version-history":[{"count":0,"href":"https:\/\/dosapcimeq.umh.es\/en\/wp-json\/wp\/v2\/pages\/20\/revisions"}],"wp:attachment":[{"href":"https:\/\/dosapcimeq.umh.es\/en\/wp-json\/wp\/v2\/media?parent=20"}],"curies":[{"name":"wp","href":"https:\/\/api.w.org\/{rel}","templated":true}]}}