{"id":242,"date":"2014-11-10T15:17:02","date_gmt":"2014-11-10T15:17:02","guid":{"rendered":"http:\/\/dosapcimeq.umh.es\/?page_id=242"},"modified":"2022-10-18T11:51:44","modified_gmt":"2022-10-18T11:51:44","slug":"programacion-curso-201415","status":"publish","type":"page","link":"https:\/\/dosapcimeq.umh.es\/en\/seminarios\/programacion-curso-201415\/","title":{"rendered":"-Curso 2014-2015"},"content":{"rendered":"<p>[et_pb_section fb_built=&#8221;1&#8243; admin_label=&#8221;section&#8221; _builder_version=&#8221;4.16&#8243; global_colors_info=&#8221;{}&#8221;][et_pb_row admin_label=&#8221;row&#8221; _builder_version=&#8221;4.16&#8243; background_size=&#8221;initial&#8221; background_position=&#8221;top_left&#8221; background_repeat=&#8221;repeat&#8221; global_colors_info=&#8221;{}&#8221;][et_pb_column type=&#8221;4_4&#8243; _builder_version=&#8221;4.16&#8243; custom_padding=&#8221;|||&#8221; global_colors_info=&#8221;{}&#8221; custom_padding__hover=&#8221;|||&#8221;][et_pb_text admin_label=&#8221;Texto&#8221; _builder_version=&#8221;4.16&#8243; background_size=&#8221;initial&#8221; background_position=&#8221;top_left&#8221; background_repeat=&#8221;repeat&#8221; global_colors_info=&#8221;{}&#8221;]Seminario sobre &#8220;LA EVOLUCI\u00d3N DE UNA IDEA EN EPIDEMIOLOG\u00cdA: UN ENFOQUE PERSONAL DE MULTINIVEL&#8221;. D\u00eda 01 de diciembre de 2014, a las 17:00 horas, en el Sal\u00f3n de Grados del Edificio Balmis (antiguo edificio 1 de este Campus):<\/p>\n<p>Informaci\u00f3n del seminario del d\u00eda 01 de diciembre: <a href=\"http:\/\/dosapcimeq.umh.es\/files\/2014\/11\/SEMINARIO-JUAN-MERLO.pdf\">SEMINARIO JUAN MERLO<\/a><\/p>\n<p align=\"left\">\u00a0<\/p>\n<p>Seminario sobre &#8220;LA INVESTIGACI\u00d3N EN SERVICIOS DE SALUD: DE LA CURIOSIDAD CIENT\u00cdFICA A LA TOMA DE DECISIONES&#8221;. D\u00eda 15 de enero de 2015, a las 17:15 horas, en el Sal\u00f3n de Grados del Edificio Balmis (antiguo edificio 1 de este Campus):<\/p>\n<p>Informaci\u00f3n del seminario del d\u00eda 15 de enero: <a href=\"http:\/\/dosapcimeq.umh.es\/files\/2014\/11\/LA-INVESTIGACI\u00d3N-EN-SERVICIOS-DE-SALUD.-DE-LA-CURIOSIDAD-CIENT\u00cdFICA-A-LA-TOMA-DE-DECISIONES.pdf\">LA INVESTIGACI\u00d3N EN SERVICIOS DE SALUD. DE LA CURIOSIDAD CIENT\u00cdFICA A LA TOMA DE DECISIONES<\/a><\/p>\n<p align=\"left\">\u00a0<\/p>\n<p>&nbsp;<\/p>\n<p>&nbsp;<\/p>\n<p>&nbsp;<\/p>\n<p>&nbsp;<\/p>\n<p>&nbsp;<\/p>\n<p>&nbsp;<br \/>\n[\/et_pb_text][\/et_pb_column][\/et_pb_row][\/et_pb_section]<\/p>\n","protected":false},"excerpt":{"rendered":"<p>Seminario sobre &#8220;LA EVOLUCI\u00d3N DE UNA IDEA EN EPIDEMIOLOG\u00cdA: UN ENFOQUE PERSONAL DE MULTINIVEL&#8221;. D\u00eda 01 de diciembre de 2014, a las 17:00 horas, en el Sal\u00f3n de Grados del Edificio Balmis (antiguo edificio 1 de este Campus): Informaci\u00f3n del seminario del d\u00eda 01 de diciembre: SEMINARIO JUAN MERLO \u00a0 Seminario sobre &#8220;LA INVESTIGACI\u00d3N EN [&hellip;]<\/p>\n","protected":false},"author":111,"featured_media":0,"parent":127,"menu_order":0,"comment_status":"open","ping_status":"closed","template":"","meta":{"_et_pb_use_builder":"on","_et_pb_old_content":"Seminario sobre \"LA EVOLUCI\u00d3N DE UNA IDEA EN EPIDEMIOLOG\u00cdA: UN ENFOQUE PERSONAL DE MULTINIVEL\". D\u00eda 01 de diciembre de 2014, a las 17:00 horas, en el Sal\u00f3n de Grados del Edificio Balmis (antiguo edificio 1 de este Campus):\r\n\r\nInformaci\u00f3n del seminario del d\u00eda 01 de diciembre: <a href=\"http:\/\/dosapcimeq.edu.umh.es\/wp-content\/uploads\/sites\/338\/2014\/11\/SEMINARIO-JUAN-MERLO.pdf\">SEMINARIO JUAN MERLO<\/a>\r\n<p align=\"left\">\u00a0<\/p>\r\nSeminario sobre \"LA INVESTIGACI\u00d3N EN SERVICIOS DE SALUD: DE LA CURIOSIDAD CIENT\u00cdFICA A LA TOMA DE DECISIONES\". D\u00eda 15 de enero de 2015, a las 17:15 horas, en el Sal\u00f3n de Grados del Edificio Balmis (antiguo edificio 1 de este Campus):\r\n\r\nInformaci\u00f3n del seminario del d\u00eda 15 de enero: <a href=\"http:\/\/dosapcimeq.edu.umh.es\/wp-content\/uploads\/sites\/338\/2014\/11\/LA-INVESTIGACI\u00d3N-EN-SERVICIOS-DE-SALUD.-DE-LA-CURIOSIDAD-CIENT\u00cdFICA-A-LA-TOMA-DE-DECISIONES.pdf\">LA INVESTIGACI\u00d3N EN SERVICIOS DE SALUD. DE LA CURIOSIDAD CIENT\u00cdFICA A LA TOMA DE DECISIONES<\/a>\r\n<p align=\"left\">\u00a0<\/p>\r\n&nbsp;\r\n\r\n&nbsp;\r\n\r\n&nbsp;\r\n\r\n&nbsp;\r\n\r\n&nbsp;\r\n\r\n&nbsp;","_et_gb_content_width":"","_links_to":"","_links_to_target":""},"_links":{"self":[{"href":"https:\/\/dosapcimeq.umh.es\/en\/wp-json\/wp\/v2\/pages\/242"}],"collection":[{"href":"https:\/\/dosapcimeq.umh.es\/en\/wp-json\/wp\/v2\/pages"}],"about":[{"href":"https:\/\/dosapcimeq.umh.es\/en\/wp-json\/wp\/v2\/types\/page"}],"author":[{"embeddable":true,"href":"https:\/\/dosapcimeq.umh.es\/en\/wp-json\/wp\/v2\/users\/111"}],"replies":[{"embeddable":true,"href":"https:\/\/dosapcimeq.umh.es\/en\/wp-json\/wp\/v2\/comments?post=242"}],"version-history":[{"count":0,"href":"https:\/\/dosapcimeq.umh.es\/en\/wp-json\/wp\/v2\/pages\/242\/revisions"}],"up":[{"embeddable":true,"href":"https:\/\/dosapcimeq.umh.es\/en\/wp-json\/wp\/v2\/pages\/127"}],"wp:attachment":[{"href":"https:\/\/dosapcimeq.umh.es\/en\/wp-json\/wp\/v2\/media?parent=242"}],"curies":[{"name":"wp","href":"https:\/\/api.w.org\/{rel}","templated":true}]}}