{"id":298,"date":"2017-05-09T10:43:05","date_gmt":"2017-05-09T10:43:05","guid":{"rendered":"http:\/\/dosapcimeq.umh.es\/?page_id=298"},"modified":"2022-10-18T11:53:19","modified_gmt":"2022-10-18T11:53:19","slug":"curriculum-vitae-de-los-doctoresas-del-programa","status":"publish","type":"page","link":"https:\/\/dosapcimeq.umh.es\/en\/acceso-pdi\/curriculum-vitae-de-los-doctoresas-del-programa\/","title":{"rendered":"Acuerdo buenas pr\u00e1cticas"},"content":{"rendered":"","protected":true},"excerpt":{"rendered":"","protected":true},"author":111,"featured_media":0,"parent":96,"menu_order":1,"comment_status":"open","ping_status":"open","template":"","meta":{"_et_pb_use_builder":"on","_et_pb_old_content":"<a href=\"http:\/\/dosapcimeq.edu.umh.es\/wp-content\/uploads\/sites\/338\/2013\/02\/Scholz.-Alexander-Bernd-Michael.pdf\">Scholz. Alexander Bernd Michael<\/a>\r\n\r\n<a href=\"http:\/\/dosapcimeq.edu.umh.es\/wp-content\/uploads\/sites\/338\/2017\/05\/Verdu-Roman-Carmen-Maria.pdf\">Verdu Roman, Carmen Maria<\/a>\r\n\r\n<a href=\"http:\/\/dosapcimeq.edu.umh.es\/wp-content\/uploads\/sites\/338\/2017\/05\/Garcia-Garrigos-Elena.pdf\">Garcia Garrigos, Elena<\/a>\r\n\r\n<a href=\"http:\/\/dosapcimeq.edu.umh.es\/wp-content\/uploads\/sites\/338\/2017\/05\/Bernabeu-Mart\u00ednez-M\u00aa-\u00c1ngeles.pdf\">Bernabeu Mart\u00ednez, M\u00aa \u00c1ngeles<\/a>\r\n\r\n<a href=\"http:\/\/dosapcimeq.edu.umh.es\/wp-content\/uploads\/sites\/338\/2017\/05\/Boquera-Ferrer-M\u00aa-Luz.pdf\">Boquera Ferrer, M\u00aa Luz<\/a>\r\n\r\n<a href=\"http:\/\/dosapcimeq.edu.umh.es\/wp-content\/uploads\/sites\/338\/2017\/05\/Brotons-Brotons-Alicia.pdf\">Brotons Brotons, Alicia<\/a>\r\n\r\n<a href=\"http:\/\/dosapcimeq.edu.umh.es\/wp-content\/uploads\/sites\/338\/2017\/05\/Capello-Ariccio-Cecilia.pdf\">Capello Ariccio, Cecilia<\/a>\r\n\r\n<a href=\"http:\/\/dosapcimeq.edu.umh.es\/wp-content\/uploads\/sites\/338\/2017\/05\/Cegri-Lombardo-Francisco.pdf\">Cegri Lombardo, Francisco<\/a>\r\n\r\n<a href=\"http:\/\/dosapcimeq.edu.umh.es\/wp-content\/uploads\/sites\/338\/2017\/05\/Cervera-Peris-M\u00aa-Mercedes.pdf\">Cervera Peris, M\u00aa Mercedes<\/a>\r\n\r\n<a href=\"http:\/\/dosapcimeq.edu.umh.es\/wp-content\/uploads\/sites\/338\/2017\/05\/D\u00edaz-Lara-Carlos-Javier.pdf\">D\u00edaz Lara, Carlos Javier<\/a>\r\n\r\n<a href=\"http:\/\/dosapcimeq.edu.umh.es\/wp-content\/uploads\/sites\/338\/2017\/05\/Erdociain-Perales-Mar.pdf\">Erdociain Perales, Mar<\/a>\r\n\r\n<a href=\"http:\/\/dosapcimeq.edu.umh.es\/wp-content\/uploads\/sites\/338\/2017\/05\/Folgado-de-la-Rosa-David.pdf\">Folgado de la Rosa, David<\/a>\r\n\r\n<a href=\"http:\/\/dosapcimeq.edu.umh.es\/wp-content\/uploads\/sites\/338\/2017\/05\/Freitas-Annabella.pdf\">Freitas , Annabella<\/a>\r\n\r\n<a href=\"http:\/\/dosapcimeq.edu.umh.es\/wp-content\/uploads\/sites\/338\/2017\/05\/Galiana-Ivars-Mar\u00eda.pdf\">Galiana Ivars, Mar\u00eda<\/a>\r\n\r\n<a href=\"http:\/\/dosapcimeq.edu.umh.es\/wp-content\/uploads\/sites\/338\/2017\/05\/Gilabert-Gomis-Vicente.pdf\">Gilabert Gomis, Vicente<\/a>\r\n\r\n<a href=\"http:\/\/dosapcimeq.edu.umh.es\/wp-content\/uploads\/sites\/338\/2017\/05\/Hern\u00e1ndez-Mart\u00ednez-Carmen.pdf\">Hern\u00e1ndez Mart\u00ednez, Carmen<\/a>\r\n\r\n<a href=\"http:\/\/dosapcimeq.edu.umh.es\/wp-content\/uploads\/sites\/338\/2017\/05\/Hern\u00e1ndez-Prats-Carmen.pdf\">Hern\u00e1ndez Prats, Carmen<\/a>\r\n\r\n<a href=\"http:\/\/dosapcimeq.edu.umh.es\/wp-content\/uploads\/sites\/338\/2017\/05\/Lorca-Amorrich-Patricia.pdf\">Lorca Amorrich, Patricia<\/a>\r\n\r\n<a href=\"http:\/\/dosapcimeq.edu.umh.es\/wp-content\/uploads\/sites\/338\/2017\/05\/Manch\u00f3n-L\u00f3pez-Javier.pdf\">Manch\u00f3n L\u00f3pez, Javier<\/a>\r\n\r\n<a href=\"http:\/\/dosapcimeq.edu.umh.es\/wp-content\/uploads\/sites\/338\/2017\/05\/Mart\u00ednez-D\u00edaz-Ana-Mar\u00eda.pdf\">Mart\u00ednez D\u00edaz, Ana Mar\u00eda<\/a>\r\n\r\n<a href=\"http:\/\/dosapcimeq.edu.umh.es\/wp-content\/uploads\/sites\/338\/2017\/05\/Matoses-Chirivella-Carmen.pdf\">Matoses Chirivella, Carmen<\/a>\r\n\r\n<a href=\"http:\/\/dosapcimeq.edu.umh.es\/wp-content\/uploads\/sites\/338\/2017\/05\/Motos-Mico-Jos\u00e9-Jacob.pdf\">Motos Mico, Jos\u00e9 Jacob<\/a>\r\n\r\n<a href=\"http:\/\/dosapcimeq.edu.umh.es\/wp-content\/uploads\/sites\/338\/2017\/05\/Navarro-Rodriguez-Jos\u00e9-Manuel.pdf\">Navarro Rodriguez, Jos\u00e9 Manuel<\/a>\r\n\r\n<a href=\"http:\/\/dosapcimeq.edu.umh.es\/wp-content\/uploads\/sites\/338\/2017\/05\/Pardo-Correcher-Virginia.pdf\">Pardo Correcher, Virginia<\/a>\r\n\r\n<a href=\"http:\/\/dosapcimeq.edu.umh.es\/wp-content\/uploads\/sites\/338\/2017\/05\/Peir\u00f3-Marqu\u00e9s-Francisca.pdf\">Peir\u00f3 Marqu\u00e9s, Francisca<\/a>\r\n\r\n<a href=\"http:\/\/dosapcimeq.edu.umh.es\/wp-content\/uploads\/sites\/338\/2017\/05\/Pinargote-Celorio-H\u00e9ctor-Hugo.pdf\">Pinargote Celorio, H\u00e9ctor Hugo<\/a>\r\n\r\n<a href=\"http:\/\/dosapcimeq.edu.umh.es\/wp-content\/uploads\/sites\/338\/2017\/05\/Rico-Gomis-Jos\u00e9-Mar\u00eda.pdf\">Rico Gomis, Jos\u00e9 Mar\u00eda<\/a>\r\n\r\n<a href=\"http:\/\/dosapcimeq.edu.umh.es\/wp-content\/uploads\/sites\/338\/2017\/05\/S\u00e1nchez-Par\u00eds-\u00d3scar.pdf\">S\u00e1nchez Par\u00eds, \u00d3scar<\/a>\r\n\r\n<a href=\"http:\/\/dosapcimeq.edu.umh.es\/wp-content\/uploads\/sites\/338\/2017\/05\/Asensio-Mart\u00ednez-Elena.pdf\">Asensio Mart\u00ednez, Elena<\/a>\r\n\r\n<a href=\"http:\/\/dosapcimeq.edu.umh.es\/wp-content\/uploads\/sites\/338\/2017\/05\/Bell\u00f3n-L\u00f3pez-de-Ant\u00f3n-Bueno-Marta.pdf\">Bell\u00f3n L\u00f3pez de Ant\u00f3n-Bueno, Marta<\/a>\r\n\r\n<a href=\"http:\/\/dosapcimeq.edu.umh.es\/wp-content\/uploads\/sites\/338\/2017\/05\/Beneyto-Ripoll-Concepci\u00f3n.pdf\">Beneyto Ripoll, Concepci\u00f3n<\/a>\r\n\r\n<a href=\"http:\/\/dosapcimeq.edu.umh.es\/wp-content\/uploads\/sites\/338\/2017\/05\/Carbonell-L\u00f3pez-Laura.pdf\">Carbonell L\u00f3pez, Laura<\/a>\r\n\r\n<a href=\"http:\/\/dosapcimeq.edu.umh.es\/wp-content\/uploads\/sites\/338\/2017\/05\/Castillo-Castillo-Jes\u00fas.pdf\">Castillo Castillo, Jes\u00fas<\/a>\r\n\r\n<a href=\"http:\/\/dosapcimeq.edu.umh.es\/wp-content\/uploads\/sites\/338\/2017\/05\/Cuesta-Cortijo-Rub\u00e9n.pdf\">Cuesta Cortijo, Rub\u00e9n<\/a>\r\n\r\n<a href=\"http:\/\/dosapcimeq.edu.umh.es\/wp-content\/uploads\/sites\/338\/2017\/05\/Llamas-\u00c1lvarez-Ana.pdf\">Llamas \u00c1lvarez, Ana<\/a>\r\n\r\n<a href=\"http:\/\/dosapcimeq.edu.umh.es\/wp-content\/uploads\/sites\/338\/2017\/05\/Gonz\u00e1lez-Henares-M\u00aa-Antonia.pdf\">Gonz\u00e1lez Henares, M\u00aa Antonia<\/a>\r\n\r\n<a href=\"http:\/\/dosapcimeq.edu.umh.es\/wp-content\/uploads\/sites\/338\/2017\/05\/Senabre-Gallego-Jos\u00e9-Miguel.pdf\">Senabre Gallego, Jos\u00e9 Miguel<\/a>\r\n\r\n<a href=\"http:\/\/dosapcimeq.edu.umh.es\/wp-content\/uploads\/sites\/338\/2017\/05\/Salas-Lucia-Federico.pdf\">Salas Lucia, Federico<\/a>\r\n\r\n<a href=\"http:\/\/dosapcimeq.edu.umh.es\/wp-content\/uploads\/sites\/338\/2017\/05\/Romero-P\u00e9rez-David.pdf\">Romero P\u00e9rez, David<\/a>\r\n\r\n<a href=\"http:\/\/dosapcimeq.edu.umh.es\/wp-content\/uploads\/sites\/338\/2017\/05\/Ripoll\u00e9s-Vicente-M\u00aa-Rosa.pdf\">Ripoll\u00e9s Vicente, M\u00aa Rosa<\/a>\r\n\r\n<a href=\"http:\/\/dosapcimeq.edu.umh.es\/wp-content\/uploads\/sites\/338\/2017\/05\/Quijada-Cazorla-M\u00aa-Asunci\u00f3n.pdf\">Quijada Cazorla, M\u00aa Asunci\u00f3n<\/a>\r\n\r\n<a href=\"http:\/\/dosapcimeq.edu.umh.es\/wp-content\/uploads\/sites\/338\/2017\/05\/Queralt-Tomas-Maria-Lluisa.pdf\">Queralt Tomas, Maria Lluisa<\/a>\r\n\r\n<a href=\"http:\/\/dosapcimeq.edu.umh.es\/wp-content\/uploads\/sites\/338\/2017\/05\/Portillo-Requena-Cristina.pdf\">Portillo Requena, Cristina<\/a>\r\n\r\n<a href=\"http:\/\/dosapcimeq.edu.umh.es\/wp-content\/uploads\/sites\/338\/2017\/05\/Pic\u00f3-Sala-M\u00aa-Dolores.pdf\">Pic\u00f3 Sala, M\u00aa Dolores<\/a>\r\n\r\n<a href=\"http:\/\/dosapcimeq.edu.umh.es\/wp-content\/uploads\/sites\/338\/2017\/05\/Ll\u00f3pez-Espin\u00f3s-Patricia.pdf\">Ll\u00f3pez Espin\u00f3s, Patricia<\/a>\r\n\r\n<a href=\"http:\/\/dosapcimeq.edu.umh.es\/wp-content\/uploads\/sites\/338\/2017\/05\/Vicente-Ibarra-Nuria.pdf\">Vicente Ibarra, Nuria<\/a>\r\n\r\n&nbsp;","_et_gb_content_width":"","_links_to":"","_links_to_target":""},"_links":{"self":[{"href":"https:\/\/dosapcimeq.umh.es\/en\/wp-json\/wp\/v2\/pages\/298"}],"collection":[{"href":"https:\/\/dosapcimeq.umh.es\/en\/wp-json\/wp\/v2\/pages"}],"about":[{"href":"https:\/\/dosapcimeq.umh.es\/en\/wp-json\/wp\/v2\/types\/page"}],"author":[{"embeddable":true,"href":"https:\/\/dosapcimeq.umh.es\/en\/wp-json\/wp\/v2\/users\/111"}],"replies":[{"embeddable":true,"href":"https:\/\/dosapcimeq.umh.es\/en\/wp-json\/wp\/v2\/comments?post=298"}],"version-history":[{"count":0,"href":"https:\/\/dosapcimeq.umh.es\/en\/wp-json\/wp\/v2\/pages\/298\/revisions"}],"up":[{"embeddable":true,"href":"https:\/\/dosapcimeq.umh.es\/en\/wp-json\/wp\/v2\/pages\/96"}],"wp:attachment":[{"href":"https:\/\/dosapcimeq.umh.es\/en\/wp-json\/wp\/v2\/media?parent=298"}],"curies":[{"name":"wp","href":"https:\/\/api.w.org\/{rel}","templated":true}]}}