{"id":559,"date":"2017-07-17T11:02:13","date_gmt":"2017-07-17T11:02:13","guid":{"rendered":"http:\/\/seminariosdoctorado.edu.umh.es\/?page_id=169"},"modified":"2022-10-18T11:50:06","modified_gmt":"2022-10-18T11:50:06","slug":"existe-relacion-entre-el-cancer-y-las-apneas-del-sueno","status":"publish","type":"page","link":"https:\/\/dosapcimeq.umh.es\/en\/seminarios-2\/curso-academico-2016-2017\/existe-relacion-entre-el-cancer-y-las-apneas-del-sueno\/","title":{"rendered":"\u00bfExiste relaci\u00f3n entre el c\u00e1ncer y las apneas del sue\u00f1o?"},"content":{"rendered":"<p>[et_pb_section fb_built=&#8221;1&#8243; admin_label=&#8221;section&#8221; _builder_version=&#8221;4.16&#8243; global_colors_info=&#8221;{}&#8221;][et_pb_row admin_label=&#8221;row&#8221; _builder_version=&#8221;4.16&#8243; background_size=&#8221;initial&#8221; background_position=&#8221;top_left&#8221; background_repeat=&#8221;repeat&#8221; global_colors_info=&#8221;{}&#8221;][et_pb_column type=&#8221;4_4&#8243; _builder_version=&#8221;4.16&#8243; custom_padding=&#8221;|||&#8221; global_colors_info=&#8221;{}&#8221; custom_padding__hover=&#8221;|||&#8221;][et_pb_text admin_label=&#8221;Texto&#8221; _builder_version=&#8221;4.16&#8243; background_size=&#8221;initial&#8221; background_position=&#8221;top_left&#8221; background_repeat=&#8221;repeat&#8221; global_colors_info=&#8221;{}&#8221;]https:\/\/www.youtube.com\/watch?v=ojm1sBV0qkY&amp;feature=youtu.be<br \/>\n[\/et_pb_text][\/et_pb_column][\/et_pb_row][\/et_pb_section]<\/p>\n","protected":false},"excerpt":{"rendered":"<p>https:\/\/www.youtube.com\/watch?v=ojm1sBV0qkY&amp;feature=youtu.be<\/p>\n","protected":false},"author":6283,"featured_media":0,"parent":157,"menu_order":6,"comment_status":"closed","ping_status":"closed","template":"","meta":{"_et_pb_use_builder":"on","_et_pb_old_content":"https:\/\/www.youtube.com\/watch?v=ojm1sBV0qkY&feature=youtu.be","_et_gb_content_width":"","_links_to":"","_links_to_target":""},"_links":{"self":[{"href":"https:\/\/dosapcimeq.umh.es\/en\/wp-json\/wp\/v2\/pages\/559"}],"collection":[{"href":"https:\/\/dosapcimeq.umh.es\/en\/wp-json\/wp\/v2\/pages"}],"about":[{"href":"https:\/\/dosapcimeq.umh.es\/en\/wp-json\/wp\/v2\/types\/page"}],"author":[{"embeddable":true,"href":"https:\/\/dosapcimeq.umh.es\/en\/wp-json\/wp\/v2\/users\/6283"}],"replies":[{"embeddable":true,"href":"https:\/\/dosapcimeq.umh.es\/en\/wp-json\/wp\/v2\/comments?post=559"}],"version-history":[{"count":0,"href":"https:\/\/dosapcimeq.umh.es\/en\/wp-json\/wp\/v2\/pages\/559\/revisions"}],"up":[{"embeddable":true,"href":"https:\/\/dosapcimeq.umh.es\/en\/wp-json\/wp\/v2\/pages\/157"}],"wp:attachment":[{"href":"https:\/\/dosapcimeq.umh.es\/en\/wp-json\/wp\/v2\/media?parent=559"}],"curies":[{"name":"wp","href":"https:\/\/api.w.org\/{rel}","templated":true}]}}