{"id":562,"date":"2018-02-05T14:48:09","date_gmt":"2018-02-05T14:48:09","guid":{"rendered":"http:\/\/seminariosdoctorado.edu.umh.es\/?page_id=194"},"modified":"2022-10-18T11:45:31","modified_gmt":"2022-10-18T11:45:31","slug":"curso-academico-2017-2018","status":"publish","type":"page","link":"https:\/\/dosapcimeq.umh.es\/en\/seminarios-2\/curso-academico-2017-2018\/","title":{"rendered":"-Curso 2017-2018"},"content":{"rendered":"<p>[et_pb_section fb_built=&#8221;1&#8243; admin_label=&#8221;section&#8221; _builder_version=&#8221;4.16&#8243; global_colors_info=&#8221;{}&#8221;][et_pb_row admin_label=&#8221;row&#8221; _builder_version=&#8221;4.16&#8243; background_size=&#8221;initial&#8221; background_position=&#8221;top_left&#8221; background_repeat=&#8221;repeat&#8221; global_colors_info=&#8221;{}&#8221;][et_pb_column type=&#8221;4_4&#8243; _builder_version=&#8221;4.16&#8243; custom_padding=&#8221;|||&#8221; global_colors_info=&#8221;{}&#8221; custom_padding__hover=&#8221;|||&#8221;][et_pb_text admin_label=&#8221;Texto&#8221; _builder_version=&#8221;4.16&#8243; background_size=&#8221;initial&#8221; background_position=&#8221;top_left&#8221; background_repeat=&#8221;repeat&#8221; use_border_color=&#8221;off&#8221; border_color=&#8221;#ffffff&#8221; border_style=&#8221;solid&#8221; global_colors_info=&#8221;{}&#8221;]<a href=\"http:\/\/dosapcimeq.umh.es\/seminarios-2\/curso-academico-2017-2018\/modelos-predictivos-en-la-investigacion-clinica\/\">Modelos predictivos en la investigaci\u00f3n cl\u00ednica<\/a><\/p>\n<p><a href=\"http:\/\/dosapcimeq.umh.es\/seminarios-2\/curso-academico-2017-2018\/influencias-indebidas-en-la-politica-de-salud-en-espana\/\">Influencias indebidas en la pol\u00edtica de salud en Espa\u00f1a<\/a><\/p>\n<p><a href=\"http:\/\/dosapcimeq.umh.es\/seminarios-2\/curso-academico-2017-2018\/infeccion-y-trasplante-un-cierto-modelo-de-investigacion-clinica\/\">Infecci\u00f3n y trasplante: un cierto modelo de investigaci\u00f3n cl\u00ednica<\/a><\/p>\n<p><a href=\"http:\/\/dosapcimeq.umh.es\/seminarios-2\/curso-academico-2017-2018\/cooperacion-internacional-en-tiempos-de-crisis-espana-y-la-oms-1951-1975\/\">Cooperaci\u00f3n internacional en tiempos de crisis. Espa\u00f1a y la OMS (1951-1975)<\/a><\/p>\n<p><a href=\"http:\/\/dosapcimeq.umh.es\/seminarios-2\/curso-academico-2017-2018\/ingesta-dietetica-de-folato-y-uso-de-altas-dosis-de-acido-folico-durante-el-embarazo-y-sus-efectos-en-la-salud-del-nino\/\">Ingesta diet\u00e9tica de folato y uso de altas dosis de \u00e1cido f\u00f3lico durante el embarazo y sus efectos en la salud del ni\u00f1o<\/a><\/p>\n<p>&nbsp;<br \/>\n[\/et_pb_text][\/et_pb_column][\/et_pb_row][\/et_pb_section]<\/p>\n","protected":false},"excerpt":{"rendered":"<p>Modelos predictivos en la investigaci\u00f3n cl\u00ednica Influencias indebidas en la pol\u00edtica de salud en Espa\u00f1a Infecci\u00f3n y trasplante: un cierto modelo de investigaci\u00f3n cl\u00ednica Cooperaci\u00f3n internacional en tiempos de crisis. Espa\u00f1a y la OMS (1951-1975) Ingesta diet\u00e9tica de folato y uso de altas dosis de \u00e1cido f\u00f3lico durante el embarazo y sus efectos en la [&hellip;]<\/p>\n","protected":false},"author":6283,"featured_media":0,"parent":5,"menu_order":1,"comment_status":"closed","ping_status":"closed","template":"","meta":{"_et_pb_use_builder":"on","_et_pb_old_content":"","_et_gb_content_width":"","_links_to":"","_links_to_target":""},"_links":{"self":[{"href":"https:\/\/dosapcimeq.umh.es\/en\/wp-json\/wp\/v2\/pages\/562"}],"collection":[{"href":"https:\/\/dosapcimeq.umh.es\/en\/wp-json\/wp\/v2\/pages"}],"about":[{"href":"https:\/\/dosapcimeq.umh.es\/en\/wp-json\/wp\/v2\/types\/page"}],"author":[{"embeddable":true,"href":"https:\/\/dosapcimeq.umh.es\/en\/wp-json\/wp\/v2\/users\/6283"}],"replies":[{"embeddable":true,"href":"https:\/\/dosapcimeq.umh.es\/en\/wp-json\/wp\/v2\/comments?post=562"}],"version-history":[{"count":0,"href":"https:\/\/dosapcimeq.umh.es\/en\/wp-json\/wp\/v2\/pages\/562\/revisions"}],"up":[{"embeddable":true,"href":"https:\/\/dosapcimeq.umh.es\/en\/wp-json\/wp\/v2\/pages\/5"}],"wp:attachment":[{"href":"https:\/\/dosapcimeq.umh.es\/en\/wp-json\/wp\/v2\/media?parent=562"}],"curies":[{"name":"wp","href":"https:\/\/api.w.org\/{rel}","templated":true}]}}