{"id":565,"date":"2018-04-16T10:20:18","date_gmt":"2018-04-16T10:20:18","guid":{"rendered":"http:\/\/seminariosdoctorado.edu.umh.es\/?page_id=221"},"modified":"2025-02-10T14:43:38","modified_gmt":"2025-02-10T14:43:38","slug":"talleres","status":"publish","type":"page","link":"https:\/\/dosapcimeq.umh.es\/en\/talleres\/","title":{"rendered":"Talleres"},"content":{"rendered":"<p>[et_pb_section fb_built=&#8221;1&#8243; admin_label=&#8221;section&#8221; _builder_version=&#8221;4.16&#8243; global_colors_info=&#8221;{}&#8221; custom_padding=&#8221;||20px|||&#8221;][et_pb_row admin_label=&#8221;row&#8221; _builder_version=&#8221;4.16&#8243; background_size=&#8221;initial&#8221; background_position=&#8221;top_left&#8221; background_repeat=&#8221;repeat&#8221; global_colors_info=&#8221;{}&#8221;][et_pb_column type=&#8221;4_4&#8243; _builder_version=&#8221;4.16&#8243; custom_padding=&#8221;|||&#8221; global_colors_info=&#8221;{}&#8221; custom_padding__hover=&#8221;|||&#8221;][et_pb_text admin_label=&#8221;Texto&#8221; _builder_version=&#8221;4.16&#8243; background_size=&#8221;initial&#8221; background_position=&#8221;top_left&#8221; background_repeat=&#8221;repeat&#8221; use_border_color=&#8221;off&#8221; border_color=&#8221;#ffffff&#8221; border_style=&#8221;solid&#8221; global_colors_info=&#8221;{}&#8221;]<a href=\"\/\/drive.google.com\/file\/d\/1dn3aZUGXbCnOvyjB8huTY5-FaB_VpWk1\/preview&quot; width=&quot;640&quot; height=&quot;480&quot;&gt;&lt;\/iframe&gt;\" target=\"_blank\" rel=\"noopener\">Tipos de estudios y dise\u00f1os en la pr\u00e1ctica cl\u00ednica<\/a><\/p>\n<p><a href=\"\/\/drive.google.com\/file\/d\/1Dk0NbjwYPG0yZn0D07AqW-YHtSul026z\/preview&quot; width=&quot;640&quot; height=&quot;480&quot;&gt;&lt;\/iframe&gt;\" target=\"_blank\" rel=\"noopener\">C\u00f3mo publicar un art\u00edculo cient\u00edfico<\/a><\/p>\n<p><a href=\"http:\/\/dosapcimeq.umh.es\/talleres\/el-analisis-de-datos-conceptos-de-estadistica-imprescindible-para-desarrollar-una-tesis-doctoral\/\">El an\u00e1lisis de datos. Conceptos de estad\u00edstica imprescindible para desarrollar una tesis doctoral.<\/a><\/p>\n<p><a href=\"http:\/\/dosapcimeq.umh.es\/talleres\/la-metodologia-de-la-investigacion-tipos-de-estudio-diseno-pregunta-pico-lectura-critica-de-estudios-y-analisis\/\">Estudios sobre los principales problemas de salud procurando dar respuestas de la gesti\u00f3n sanitaria y el de las pol\u00edticas de salud.<\/a><br \/>\n[\/et_pb_text][et_pb_text admin_label=&#8221;Texto&#8221; _builder_version=&#8221;4.16&#8243; background_size=&#8221;initial&#8221; background_position=&#8221;top_left&#8221; background_repeat=&#8221;repeat&#8221; use_border_color=&#8221;off&#8221; border_color=&#8221;#ffffff&#8221; border_style=&#8221;solid&#8221; global_colors_info=&#8221;{}&#8221;]<a href=\"http:\/\/dosapcimeq.umh.es\/talleres\/el-analisis-de-datos-conceptos-de-estadistica-imprescindible-para-desarrollar-una-tesis-doctoral\/\">El an\u00e1lisis de datos. Conceptos de estad\u00edstica imprescindible para desarrollar una tesis doctoral.<\/a><\/p>\n<p><a href=\"http:\/\/dosapcimeq.umh.es\/talleres\/la-metodologia-de-la-investigacion-tipos-de-estudio-diseno-pregunta-pico-lectura-critica-de-estudios-y-analisis\/\">Estudios sobre los principales problemas de salud procurando dar respuestas de la gesti\u00f3n sanitaria y el de las pol\u00edticas de salud.<\/a><br \/>\n[\/et_pb_text][\/et_pb_column][\/et_pb_row][\/et_pb_section]<\/p>\n","protected":false},"excerpt":{"rendered":"<p>Tipos de estudios y dise\u00f1os en la pr\u00e1ctica cl\u00ednica C\u00f3mo publicar un art\u00edculo cient\u00edfico El an\u00e1lisis de datos. Conceptos de estad\u00edstica imprescindible para desarrollar una tesis doctoral. Estudios sobre los principales problemas de salud procurando dar respuestas de la gesti\u00f3n sanitaria y el de las pol\u00edticas de salud. El an\u00e1lisis de datos. Conceptos de estad\u00edstica [&hellip;]<\/p>\n","protected":false},"author":6283,"featured_media":0,"parent":0,"menu_order":4,"comment_status":"closed","ping_status":"closed","template":"","meta":{"_et_pb_use_builder":"on","_et_pb_old_content":"","_et_gb_content_width":"","_links_to":"","_links_to_target":""},"_links":{"self":[{"href":"https:\/\/dosapcimeq.umh.es\/en\/wp-json\/wp\/v2\/pages\/565"}],"collection":[{"href":"https:\/\/dosapcimeq.umh.es\/en\/wp-json\/wp\/v2\/pages"}],"about":[{"href":"https:\/\/dosapcimeq.umh.es\/en\/wp-json\/wp\/v2\/types\/page"}],"author":[{"embeddable":true,"href":"https:\/\/dosapcimeq.umh.es\/en\/wp-json\/wp\/v2\/users\/6283"}],"replies":[{"embeddable":true,"href":"https:\/\/dosapcimeq.umh.es\/en\/wp-json\/wp\/v2\/comments?post=565"}],"version-history":[{"count":0,"href":"https:\/\/dosapcimeq.umh.es\/en\/wp-json\/wp\/v2\/pages\/565\/revisions"}],"wp:attachment":[{"href":"https:\/\/dosapcimeq.umh.es\/en\/wp-json\/wp\/v2\/media?parent=565"}],"curies":[{"name":"wp","href":"https:\/\/api.w.org\/{rel}","templated":true}]}}