{"id":568,"date":"2018-05-18T09:09:17","date_gmt":"2018-05-18T09:09:17","guid":{"rendered":"http:\/\/seminariosdoctorado.edu.umh.es\/?page_id=238"},"modified":"2022-10-18T11:45:44","modified_gmt":"2022-10-18T11:45:44","slug":"infeccion-y-trasplante-un-cierto-modelo-de-investigacion-clinica","status":"publish","type":"page","link":"https:\/\/dosapcimeq.umh.es\/en\/seminarios-2\/curso-academico-2017-2018\/infeccion-y-trasplante-un-cierto-modelo-de-investigacion-clinica\/","title":{"rendered":"Infecci\u00f3n y trasplante: un cierto modelo de investigaci\u00f3n cl\u00ednica"},"content":{"rendered":"<p>[et_pb_section fb_built=&#8221;1&#8243; admin_label=&#8221;section&#8221; _builder_version=&#8221;4.16&#8243; global_colors_info=&#8221;{}&#8221;][et_pb_row admin_label=&#8221;row&#8221; _builder_version=&#8221;4.16&#8243; background_size=&#8221;initial&#8221; background_position=&#8221;top_left&#8221; background_repeat=&#8221;repeat&#8221; global_colors_info=&#8221;{}&#8221;][et_pb_column type=&#8221;4_4&#8243; _builder_version=&#8221;4.16&#8243; custom_padding=&#8221;|||&#8221; global_colors_info=&#8221;{}&#8221; custom_padding__hover=&#8221;|||&#8221;][et_pb_text admin_label=&#8221;Texto&#8221; _builder_version=&#8221;4.16&#8243; background_size=&#8221;initial&#8221; background_position=&#8221;top_left&#8221; background_repeat=&#8221;repeat&#8221; global_colors_info=&#8221;{}&#8221;]<a title=\"Lo ver\u00e1s en una nueva ventana \" href=\"https:\/\/www.youtube.com\/watch?v=N1bKDp4mvhg&amp;feature=youtu.be\" target=\"_blank\" rel=\"noopener\">Infecci\u00f3n y trasplante: un cierto modelo de investigaci\u00f3n cl\u00ednica<\/a><\/p>\n<p>https:\/\/www.youtube.com\/watch?v=N1bKDp4mvhg<br \/>\n[\/et_pb_text][\/et_pb_column][\/et_pb_row][\/et_pb_section]<\/p>\n","protected":false},"excerpt":{"rendered":"<p>Infecci\u00f3n y trasplante: un cierto modelo de investigaci\u00f3n cl\u00ednica https:\/\/www.youtube.com\/watch?v=N1bKDp4mvhg<\/p>\n","protected":false},"author":6283,"featured_media":0,"parent":562,"menu_order":4,"comment_status":"closed","ping_status":"closed","template":"","meta":{"_et_pb_use_builder":"on","_et_pb_old_content":"<a title=\"Lo ver\u00e1s en una nueva ventana \" href=\"https:\/\/www.youtube.com\/watch?v=N1bKDp4mvhg&amp;feature=youtu.be\" target=\"_blank\">Infecci\u00f3n y trasplante: un cierto modelo de investigaci\u00f3n cl\u00ednica<\/a>\r\n\r\n\r\n\r\n\r\nhttps:\/\/www.youtube.com\/watch?v=N1bKDp4mvhg","_et_gb_content_width":"","_links_to":"","_links_to_target":""},"_links":{"self":[{"href":"https:\/\/dosapcimeq.umh.es\/en\/wp-json\/wp\/v2\/pages\/568"}],"collection":[{"href":"https:\/\/dosapcimeq.umh.es\/en\/wp-json\/wp\/v2\/pages"}],"about":[{"href":"https:\/\/dosapcimeq.umh.es\/en\/wp-json\/wp\/v2\/types\/page"}],"author":[{"embeddable":true,"href":"https:\/\/dosapcimeq.umh.es\/en\/wp-json\/wp\/v2\/users\/6283"}],"replies":[{"embeddable":true,"href":"https:\/\/dosapcimeq.umh.es\/en\/wp-json\/wp\/v2\/comments?post=568"}],"version-history":[{"count":0,"href":"https:\/\/dosapcimeq.umh.es\/en\/wp-json\/wp\/v2\/pages\/568\/revisions"}],"up":[{"embeddable":true,"href":"https:\/\/dosapcimeq.umh.es\/en\/wp-json\/wp\/v2\/pages\/562"}],"wp:attachment":[{"href":"https:\/\/dosapcimeq.umh.es\/en\/wp-json\/wp\/v2\/media?parent=568"}],"curies":[{"name":"wp","href":"https:\/\/api.w.org\/{rel}","templated":true}]}}