{"id":570,"date":"2018-07-30T12:50:49","date_gmt":"2018-07-30T12:50:49","guid":{"rendered":"http:\/\/seminariosdoctorado.edu.umh.es\/?page_id=248"},"modified":"2022-10-18T11:46:08","modified_gmt":"2022-10-18T11:46:08","slug":"ingesta-dietetica-de-folato-y-uso-de-altas-dosis-de-acido-folico-durante-el-embarazo-y-sus-efectos-en-la-salud-del-nino","status":"publish","type":"page","link":"https:\/\/dosapcimeq.umh.es\/en\/seminarios-2\/curso-academico-2017-2018\/ingesta-dietetica-de-folato-y-uso-de-altas-dosis-de-acido-folico-durante-el-embarazo-y-sus-efectos-en-la-salud-del-nino\/","title":{"rendered":"Ingesta diet\u00e9tica de folato y uso de altas dosis de \u00e1cido f\u00f3lico durante el embarazo y sus efectos en la salud del ni\u00f1o"},"content":{"rendered":"<p>[et_pb_section fb_built=&#8221;1&#8243; admin_label=&#8221;section&#8221; _builder_version=&#8221;4.16&#8243; global_colors_info=&#8221;{}&#8221;][et_pb_row admin_label=&#8221;row&#8221; _builder_version=&#8221;4.16&#8243; background_size=&#8221;initial&#8221; background_position=&#8221;top_left&#8221; background_repeat=&#8221;repeat&#8221; global_colors_info=&#8221;{}&#8221;][et_pb_column type=&#8221;4_4&#8243; _builder_version=&#8221;4.16&#8243; custom_padding=&#8221;|||&#8221; global_colors_info=&#8221;{}&#8221; custom_padding__hover=&#8221;|||&#8221;][et_pb_text admin_label=&#8221;Texto&#8221; _builder_version=&#8221;4.16&#8243; background_size=&#8221;initial&#8221; background_position=&#8221;top_left&#8221; background_repeat=&#8221;repeat&#8221; use_border_color=&#8221;off&#8221; border_color=&#8221;#ffffff&#8221; border_style=&#8221;solid&#8221; global_colors_info=&#8221;{}&#8221;]<a title=\"Lo ver\u00e1s en una nueva ventana \" href=\"https:\/\/www.youtube.com\/watch?v=jZSX_E70aOE\" target=\"_blank\" rel=\"noopener\">Ingesta diet\u00e9tica de folato y uso de altas dosis de \u00e1cido f\u00f3lico durante el embarazo y sus efectos en la salud del ni\u00f1o<\/a><br \/>\nhttps:\/\/www.youtube.com\/watch?v=jZSX_E70aOE<br \/>\n[\/et_pb_text][\/et_pb_column][\/et_pb_row][\/et_pb_section]<\/p>\n","protected":false},"excerpt":{"rendered":"<p>Ingesta diet\u00e9tica de folato y uso de altas dosis de \u00e1cido f\u00f3lico durante el embarazo y sus efectos en la salud del ni\u00f1o https:\/\/www.youtube.com\/watch?v=jZSX_E70aOE<\/p>\n","protected":false},"author":6283,"featured_media":0,"parent":562,"menu_order":5,"comment_status":"closed","ping_status":"closed","template":"","meta":{"_et_pb_use_builder":"on","_et_pb_old_content":"<a title=\"Lo ver\u00e1s en una nueva ventana \" href=\"https:\/\/www.youtube.com\/watch?v=jZSX_E70aOE\" target=\"_blank\">Ingesta diet\u00e9tica de folato y uso de altas dosis de \u00e1cido f\u00f3lico durante el embarazo y sus efectos en la salud del ni\u00f1o<\/a>","_et_gb_content_width":"","_links_to":"","_links_to_target":""},"_links":{"self":[{"href":"https:\/\/dosapcimeq.umh.es\/en\/wp-json\/wp\/v2\/pages\/570"}],"collection":[{"href":"https:\/\/dosapcimeq.umh.es\/en\/wp-json\/wp\/v2\/pages"}],"about":[{"href":"https:\/\/dosapcimeq.umh.es\/en\/wp-json\/wp\/v2\/types\/page"}],"author":[{"embeddable":true,"href":"https:\/\/dosapcimeq.umh.es\/en\/wp-json\/wp\/v2\/users\/6283"}],"replies":[{"embeddable":true,"href":"https:\/\/dosapcimeq.umh.es\/en\/wp-json\/wp\/v2\/comments?post=570"}],"version-history":[{"count":0,"href":"https:\/\/dosapcimeq.umh.es\/en\/wp-json\/wp\/v2\/pages\/570\/revisions"}],"up":[{"embeddable":true,"href":"https:\/\/dosapcimeq.umh.es\/en\/wp-json\/wp\/v2\/pages\/562"}],"wp:attachment":[{"href":"https:\/\/dosapcimeq.umh.es\/en\/wp-json\/wp\/v2\/media?parent=570"}],"curies":[{"name":"wp","href":"https:\/\/api.w.org\/{rel}","templated":true}]}}