{"id":63,"date":"2017-02-01T11:08:34","date_gmt":"2017-02-01T11:08:34","guid":{"rendered":"http:\/\/seminariosdoctorado.edu.umh.es\/?page_id=63"},"modified":"2022-10-18T11:50:50","modified_gmt":"2022-10-18T11:50:50","slug":"la-investigacion-epidemiologica-y-clinica-en-una-zona-rural-de-etiopia","status":"publish","type":"page","link":"https:\/\/dosapcimeq.umh.es\/en\/seminarios-2\/curso-academico-2015-2016\/la-investigacion-epidemiologica-y-clinica-en-una-zona-rural-de-etiopia\/","title":{"rendered":"La investigaci\u00f3n epidemiol\u00f3gica y cl\u00ednica en una zona rural de Etiop\u00eda"},"content":{"rendered":"<p>[et_pb_section fb_built=&#8221;1&#8243; admin_label=&#8221;section&#8221; _builder_version=&#8221;4.16&#8243; global_colors_info=&#8221;{}&#8221;][et_pb_row admin_label=&#8221;row&#8221; _builder_version=&#8221;4.16&#8243; background_size=&#8221;initial&#8221; background_position=&#8221;top_left&#8221; background_repeat=&#8221;repeat&#8221; global_colors_info=&#8221;{}&#8221;][et_pb_column type=&#8221;4_4&#8243; _builder_version=&#8221;4.16&#8243; custom_padding=&#8221;|||&#8221; global_colors_info=&#8221;{}&#8221; custom_padding__hover=&#8221;|||&#8221;][et_pb_text admin_label=&#8221;Texto&#8221; _builder_version=&#8221;4.16&#8243; background_size=&#8221;initial&#8221; background_position=&#8221;top_left&#8221; background_repeat=&#8221;repeat&#8221; use_border_color=&#8221;off&#8221; border_color=&#8221;#ffffff&#8221; border_style=&#8221;solid&#8221; global_colors_info=&#8221;{}&#8221;]<a title=\"Lo ver\u00e1s en una nueva ventana\" href=\"https:\/\/youtu.be\/9LSplSHkxOs\" target=\"_blank\" rel=\"noopener\">La investigaci\u00f3n epidemiol\u00f3gica y cl\u00ednica en una zona rural de Etiop\u00eda<\/a><br \/>\nhttps:\/\/youtu.be\/9LSplSHkxOs<br \/>\n[\/et_pb_text][\/et_pb_column][\/et_pb_row][\/et_pb_section]<\/p>\n","protected":false},"excerpt":{"rendered":"<p>La investigaci\u00f3n epidemiol\u00f3gica y cl\u00ednica en una zona rural de Etiop\u00eda https:\/\/youtu.be\/9LSplSHkxOs<\/p>\n","protected":false},"author":6283,"featured_media":0,"parent":557,"menu_order":4,"comment_status":"closed","ping_status":"closed","template":"","meta":{"_et_pb_use_builder":"on","_et_pb_old_content":"<a title=\"Lo ver\u00e1s en una nueva ventana\" href=\"https:\/\/youtu.be\/9LSplSHkxOs\" target=\"_blank\">La investigaci\u00f3n epidemiol\u00f3gica y cl\u00ednica en una zona rural de Etiop\u00eda<\/a>","_et_gb_content_width":"","_links_to":"","_links_to_target":""},"_links":{"self":[{"href":"https:\/\/dosapcimeq.umh.es\/en\/wp-json\/wp\/v2\/pages\/63"}],"collection":[{"href":"https:\/\/dosapcimeq.umh.es\/en\/wp-json\/wp\/v2\/pages"}],"about":[{"href":"https:\/\/dosapcimeq.umh.es\/en\/wp-json\/wp\/v2\/types\/page"}],"author":[{"embeddable":true,"href":"https:\/\/dosapcimeq.umh.es\/en\/wp-json\/wp\/v2\/users\/6283"}],"replies":[{"embeddable":true,"href":"https:\/\/dosapcimeq.umh.es\/en\/wp-json\/wp\/v2\/comments?post=63"}],"version-history":[{"count":0,"href":"https:\/\/dosapcimeq.umh.es\/en\/wp-json\/wp\/v2\/pages\/63\/revisions"}],"up":[{"embeddable":true,"href":"https:\/\/dosapcimeq.umh.es\/en\/wp-json\/wp\/v2\/pages\/557"}],"wp:attachment":[{"href":"https:\/\/dosapcimeq.umh.es\/en\/wp-json\/wp\/v2\/media?parent=63"}],"curies":[{"name":"wp","href":"https:\/\/api.w.org\/{rel}","templated":true}]}}